{"id":992,"date":"2017-02-09T20:15:19","date_gmt":"2017-02-09T18:15:19","guid":{"rendered":"http:\/\/siuronmetallirakenne.fi\/?post_type=product&#038;p=992"},"modified":"2017-11-20T14:49:24","modified_gmt":"2017-11-20T12:49:24","slug":"sirmet-lavakaulus","status":"publish","type":"product","link":"https:\/\/siuronmetallirakenne.fi\/en\/tuote\/sirmet-lavakaulus\/","title":{"rendered":"SIRMET lavakaulus"},"content":{"rendered":"<p>SirMet -lavakaulus on kevyt ja kest\u00e4v\u00e4, eik\u00e4 siit\u00e4 l\u00e4hde p\u00f6ly\u00e4 tai muuta roskaa.<br \/>\nLavakauluksella on sille erikseen suunniteltu lavakaulusprofiili.<\/p>\n<p>Kysy tarjous<\/p>\n","protected":false},"excerpt":{"rendered":"<p>Kest\u00e4v\u00e4 ja kevyt\u00a0alumiininen lavakaulus.<\/p>\n<p>Kysy tarjous<\/p>\n","protected":false},"featured_media":942,"comment_status":"closed","ping_status":"closed","template":"","meta":[],"product_brand":[],"product_cat":[60],"product_tag":[],"class_list":{"0":"post-992","1":"product","2":"type-product","3":"status-publish","4":"has-post-thumbnail","6":"product_cat-yleinen","8":"first","9":"instock","10":"taxable","11":"shipping-taxable","12":"product-type-simple"},"_links":{"self":[{"href":"https:\/\/siuronmetallirakenne.fi\/en\/wp-json\/wp\/v2\/product\/992","targetHints":{"allow":["GET"]}}],"collection":[{"href":"https:\/\/siuronmetallirakenne.fi\/en\/wp-json\/wp\/v2\/product"}],"about":[{"href":"https:\/\/siuronmetallirakenne.fi\/en\/wp-json\/wp\/v2\/types\/product"}],"replies":[{"embeddable":true,"href":"https:\/\/siuronmetallirakenne.fi\/en\/wp-json\/wp\/v2\/comments?post=992"}],"wp:featuredmedia":[{"embeddable":true,"href":"https:\/\/siuronmetallirakenne.fi\/en\/wp-json\/wp\/v2\/media\/942"}],"wp:attachment":[{"href":"https:\/\/siuronmetallirakenne.fi\/en\/wp-json\/wp\/v2\/media?parent=992"}],"wp:term":[{"taxonomy":"product_brand","embeddable":true,"href":"https:\/\/siuronmetallirakenne.fi\/en\/wp-json\/wp\/v2\/product_brand?post=992"},{"taxonomy":"product_cat","embeddable":true,"href":"https:\/\/siuronmetallirakenne.fi\/en\/wp-json\/wp\/v2\/product_cat?post=992"},{"taxonomy":"product_tag","embeddable":true,"href":"https:\/\/siuronmetallirakenne.fi\/en\/wp-json\/wp\/v2\/product_tag?post=992"}],"curies":[{"name":"wp","href":"https:\/\/api.w.org\/{rel}","templated":true}]}}