{"id":990,"date":"2017-02-09T20:12:07","date_gmt":"2017-02-09T18:12:07","guid":{"rendered":"http:\/\/siuronmetallirakenne.fi\/?post_type=product&#038;p=990"},"modified":"2017-11-20T16:08:20","modified_gmt":"2017-11-20T14:08:20","slug":"sirmet-fin-lava","status":"publish","type":"product","link":"https:\/\/siuronmetallirakenne.fi\/en\/tuote\/sirmet-fin-lava\/","title":{"rendered":"SIRMET FIN-lava"},"content":{"rendered":"<p>FIN-lava on rakennettu kolmesta, SirMet -kuormalavalle erityisesti suunnitellusta, alumiiniprofiilista.<br \/>\nLava kest\u00e4\u00e4 20kN:n voiman. Kantavuutta voidaan lis\u00e4t\u00e4 asentamalla lis\u00e4jalka keskelle (kuvassa),<br \/>\ntihent\u00e4m\u00e4ll\u00e4 yl\u00e4puolien v\u00e4li\u00e4 tai lava voidaan p\u00e4\u00e4llyst\u00e4\u00e4 umpilevyll\u00e4.<\/p>\n<p>Koko 100 x 120 cm<\/p>\n<p>Kysy tarjous<\/p>\n","protected":false},"excerpt":{"rendered":"<p>Kevyt ja kest\u00e4v\u00e4 FIN-lava teollisuuden tarpeisiin.<\/p>\n<p>Koko 100 x 120 cm<\/p>\n<p>Kysy tarjous<\/p>\n","protected":false},"featured_media":981,"comment_status":"closed","ping_status":"closed","template":"","meta":[],"product_brand":[],"product_cat":[60],"product_tag":[],"class_list":{"0":"post-990","1":"product","2":"type-product","3":"status-publish","4":"has-post-thumbnail","6":"product_cat-yleinen","8":"first","9":"instock","10":"taxable","11":"shipping-taxable","12":"product-type-simple"},"_links":{"self":[{"href":"https:\/\/siuronmetallirakenne.fi\/en\/wp-json\/wp\/v2\/product\/990","targetHints":{"allow":["GET"]}}],"collection":[{"href":"https:\/\/siuronmetallirakenne.fi\/en\/wp-json\/wp\/v2\/product"}],"about":[{"href":"https:\/\/siuronmetallirakenne.fi\/en\/wp-json\/wp\/v2\/types\/product"}],"replies":[{"embeddable":true,"href":"https:\/\/siuronmetallirakenne.fi\/en\/wp-json\/wp\/v2\/comments?post=990"}],"wp:featuredmedia":[{"embeddable":true,"href":"https:\/\/siuronmetallirakenne.fi\/en\/wp-json\/wp\/v2\/media\/981"}],"wp:attachment":[{"href":"https:\/\/siuronmetallirakenne.fi\/en\/wp-json\/wp\/v2\/media?parent=990"}],"wp:term":[{"taxonomy":"product_brand","embeddable":true,"href":"https:\/\/siuronmetallirakenne.fi\/en\/wp-json\/wp\/v2\/product_brand?post=990"},{"taxonomy":"product_cat","embeddable":true,"href":"https:\/\/siuronmetallirakenne.fi\/en\/wp-json\/wp\/v2\/product_cat?post=990"},{"taxonomy":"product_tag","embeddable":true,"href":"https:\/\/siuronmetallirakenne.fi\/en\/wp-json\/wp\/v2\/product_tag?post=990"}],"curies":[{"name":"wp","href":"https:\/\/api.w.org\/{rel}","templated":true}]}}