{"id":1440,"date":"2020-02-04T12:53:52","date_gmt":"2020-02-04T10:53:52","guid":{"rendered":"https:\/\/siuronmetallirakenne.fi\/?post_type=product&#038;p=1440"},"modified":"2022-08-24T11:05:48","modified_gmt":"2022-08-24T08:05:48","slug":"sirmet-katsomo","status":"publish","type":"product","link":"https:\/\/siuronmetallirakenne.fi\/en\/tuote\/sirmet-katsomo\/","title":{"rendered":"SirMet-katsomo"},"content":{"rendered":"<p>Standardit t\u00e4ytt\u00e4v\u00e4n SirMet-katsomon siirr\u00e4t helposti sinne, miss\u00e4 sit\u00e4 tarvitaan! Kotimaiset SirMet-katsomot valmistetaan alumiinista Suomen Siurossa.<\/p>\n<p>Tieliikennekelpoisen kevyen katsomon voit hinata henkil\u00f6- tai pakettiautolla, ja katsomoon mahtuu jopa 60 henkil\u00f6\u00e4. Kuljetuksessa katsomon alimmainen porras nostetaan yl\u00f6s. Katsomo on siis eritt\u00e4in n\u00e4pp\u00e4r\u00e4 siirt\u00e4\u00e4 esimerkiksi kent\u00e4lt\u00e4 toiselle. Se on helppo pystytt\u00e4\u00e4 ja kasata takaisin.<\/p>\n<p>Tutustu katsomon <a href=\"https:\/\/siuronmetallirakenne.fi\/wp-content\/uploads\/2016\/12\/SirMet-siirtokatsomo-esite.pdf\" target=\"_blank\">esitteeseen<\/a>!<\/p>\n<p>&nbsp;<\/p>\n<p><strong>SirMet-katsomo SM6000\/5:<\/strong><\/p>\n<p>pituus 6m + vetoaisa 1,8m<\/p>\n<p>leveys 3,6m, kuljetusleveys 2,6m<\/p>\n<p>korkeus 3,4m<\/p>\n<p>paino 540kg<\/p>\n<p>&nbsp;<\/p>\n<p>Hinta: kysy tarjous!<\/p>\n<p>&nbsp;<\/p>\n<p>&nbsp;<\/p>\n","protected":false},"excerpt":{"rendered":"<p>SirMet-tuoteperheen hitti:\u00a0kevyt ja n\u00e4pp\u00e4r\u00e4 alumiininen, standardit t\u00e4ytt\u00e4v\u00e4 katsomo tapahtumiin ja muihin tilaisuuksiin!<\/p>\n<p>Hinta: kysy tarjous!<\/p>\n<p>&nbsp;<\/p>\n","protected":false},"featured_media":1490,"comment_status":"closed","ping_status":"closed","template":"","meta":[],"product_brand":[],"product_cat":[60],"product_tag":[],"class_list":{"0":"post-1440","1":"product","2":"type-product","3":"status-publish","4":"has-post-thumbnail","6":"product_cat-yleinen","8":"first","9":"instock","10":"taxable","11":"shipping-taxable","12":"product-type-simple"},"_links":{"self":[{"href":"https:\/\/siuronmetallirakenne.fi\/en\/wp-json\/wp\/v2\/product\/1440","targetHints":{"allow":["GET"]}}],"collection":[{"href":"https:\/\/siuronmetallirakenne.fi\/en\/wp-json\/wp\/v2\/product"}],"about":[{"href":"https:\/\/siuronmetallirakenne.fi\/en\/wp-json\/wp\/v2\/types\/product"}],"replies":[{"embeddable":true,"href":"https:\/\/siuronmetallirakenne.fi\/en\/wp-json\/wp\/v2\/comments?post=1440"}],"wp:featuredmedia":[{"embeddable":true,"href":"https:\/\/siuronmetallirakenne.fi\/en\/wp-json\/wp\/v2\/media\/1490"}],"wp:attachment":[{"href":"https:\/\/siuronmetallirakenne.fi\/en\/wp-json\/wp\/v2\/media?parent=1440"}],"wp:term":[{"taxonomy":"product_brand","embeddable":true,"href":"https:\/\/siuronmetallirakenne.fi\/en\/wp-json\/wp\/v2\/product_brand?post=1440"},{"taxonomy":"product_cat","embeddable":true,"href":"https:\/\/siuronmetallirakenne.fi\/en\/wp-json\/wp\/v2\/product_cat?post=1440"},{"taxonomy":"product_tag","embeddable":true,"href":"https:\/\/siuronmetallirakenne.fi\/en\/wp-json\/wp\/v2\/product_tag?post=1440"}],"curies":[{"name":"wp","href":"https:\/\/api.w.org\/{rel}","templated":true}]}}