{"id":1032,"date":"2017-02-28T14:10:47","date_gmt":"2017-02-28T12:10:47","guid":{"rendered":"http:\/\/siuronmetallirakenne.fi\/tuote\/sirmet-patjansuoja\/"},"modified":"2017-11-20T14:47:47","modified_gmt":"2017-11-20T12:47:47","slug":"sirmet-patjansuoja","status":"publish","type":"product","link":"https:\/\/siuronmetallirakenne.fi\/en\/tuote\/sirmet-patjansuoja\/","title":{"rendered":"Patjansuoja"},"content":{"rendered":"<p>Patjasuojat ovat vedenpit\u00e4vi\u00e4 ja ilkivaltaa kest\u00e4vi\u00e4! Ne on valmistettu alumiinilevyst\u00e4, kahdesta yhteen lukittavasta puolikkaasta,<br \/>\njoissa on liikuttelua helpottavat py\u00f6r\u00e4t ja vetokahvat vakiovarusteena.<br \/>\nPatjasuojat tehd\u00e4\u00e4n aina mittatilausty\u00f6n\u00e4 patjan koon mukaan.<\/p>\n<p>Kysy tarjous!<\/p>\n","protected":false},"excerpt":{"rendered":"<p>Kaikki patjasuojukset tehd\u00e4\u00e4n mittatilausty\u00f6n\u00e4 patjan koon mukaan, hinta m\u00e4\u00e4r\u00e4ytyy koon mukaan.<\/p>\n<p>Kysy tarjous<\/p>\n","protected":false},"featured_media":1039,"comment_status":"closed","ping_status":"closed","template":"","meta":[],"product_brand":[],"product_cat":[60],"product_tag":[],"class_list":{"0":"post-1032","1":"product","2":"type-product","3":"status-publish","4":"has-post-thumbnail","6":"product_cat-yleinen","8":"first","9":"instock","10":"taxable","11":"shipping-taxable","12":"product-type-simple"},"_links":{"self":[{"href":"https:\/\/siuronmetallirakenne.fi\/en\/wp-json\/wp\/v2\/product\/1032","targetHints":{"allow":["GET"]}}],"collection":[{"href":"https:\/\/siuronmetallirakenne.fi\/en\/wp-json\/wp\/v2\/product"}],"about":[{"href":"https:\/\/siuronmetallirakenne.fi\/en\/wp-json\/wp\/v2\/types\/product"}],"replies":[{"embeddable":true,"href":"https:\/\/siuronmetallirakenne.fi\/en\/wp-json\/wp\/v2\/comments?post=1032"}],"wp:featuredmedia":[{"embeddable":true,"href":"https:\/\/siuronmetallirakenne.fi\/en\/wp-json\/wp\/v2\/media\/1039"}],"wp:attachment":[{"href":"https:\/\/siuronmetallirakenne.fi\/en\/wp-json\/wp\/v2\/media?parent=1032"}],"wp:term":[{"taxonomy":"product_brand","embeddable":true,"href":"https:\/\/siuronmetallirakenne.fi\/en\/wp-json\/wp\/v2\/product_brand?post=1032"},{"taxonomy":"product_cat","embeddable":true,"href":"https:\/\/siuronmetallirakenne.fi\/en\/wp-json\/wp\/v2\/product_cat?post=1032"},{"taxonomy":"product_tag","embeddable":true,"href":"https:\/\/siuronmetallirakenne.fi\/en\/wp-json\/wp\/v2\/product_tag?post=1032"}],"curies":[{"name":"wp","href":"https:\/\/api.w.org\/{rel}","templated":true}]}}