{"id":1951,"date":"2017-02-05T18:24:20","date_gmt":"2017-02-05T16:24:20","guid":{"rendered":"https:\/\/siuronmetallirakenne.fi\/sirmet-products\/"},"modified":"2025-04-15T23:23:56","modified_gmt":"2025-04-15T20:23:56","slug":"sirmet-products","status":"publish","type":"page","link":"https:\/\/siuronmetallirakenne.fi\/en\/sirmet-products\/","title":{"rendered":"Sirmet Products"},"content":{"rendered":"<div class=\"wpb-content-wrapper\"><p>[vc_row row_height_percent=&#8221;0&#8243; override_padding=&#8221;yes&#8221; h_padding=&#8221;2&#8243; top_padding=&#8221;0&#8243; bottom_padding=&#8221;0&#8243; back_image=&#8221;363&#8243; overlay_alpha=&#8221;50&#8243; gutter_size=&#8221;3&#8243; shift_y=&#8221;0&#8243; row_height_pixel=&#8221;180&#8243;][vc_column column_width_percent=&#8221;100&#8243; position_vertical=&#8221;middle&#8221; align_horizontal=&#8221;align_center&#8221; overlay_alpha=&#8221;50&#8243; gutter_size=&#8221;3&#8243; medium_width=&#8221;0&#8243; shift_x=&#8221;0&#8243; shift_y=&#8221;0&#8243; z_index=&#8221;0&#8243; width=&#8221;1\/1&#8243;][vc_column_text]<\/p>\n<h4 style=\"text-align: center;\"><span style=\"color: #ffffff;\">SirMet -products provide you with professional quality audience stands, performance stages, pier equipment &amp; also covers for high jump and pole vault mattresses etc. All these products are connected by the high quality, endurance and the lightness of aluminium. We provide the lightest solution for both private consumers and the professional.<br \/>\n<\/span><\/h4>\n<h4 style=\"text-align: center;\"><span style=\"color: #ffffff;\">Need custom made products? Please, contact our sales.<br \/>\n<\/span><\/h4>\n<p>[\/vc_column_text][\/vc_column][\/vc_row][vc_row row_height_percent=&#8221;0&#8243; override_padding=&#8221;yes&#8221; h_padding=&#8221;2&#8243; top_padding=&#8221;2&#8243; bottom_padding=&#8221;0&#8243; back_color=&#8221;color-715612&#8243; overlay_alpha=&#8221;50&#8243; gutter_size=&#8221;3&#8243; shift_y=&#8221;0&#8243; css=&#8221;.vc_custom_1486312012991{padding-top: 50px !important;padding-bottom: 50px !important;}&#8221;][vc_column column_width_percent=&#8221;100&#8243; position_vertical=&#8221;middle&#8221; align_horizontal=&#8221;align_center&#8221; overlay_alpha=&#8221;50&#8243; gutter_size=&#8221;3&#8243; medium_width=&#8221;0&#8243; shift_x=&#8221;0&#8243; shift_y=&#8221;0&#8243; z_index=&#8221;0&#8243; width=&#8221;1\/3&#8243;][vc_gallery el_id=&#8221;gallery-923261&#8243; medias=&#8221;948&#8243; gutter_size=&#8221;3&#8243; media_items=&#8221;media|lightbox|original&#8221; screen_lg=&#8221;1000&#8243; screen_md=&#8221;600&#8243; screen_sm=&#8221;480&#8243; single_width=&#8221;6&#8243; single_overlay_opacity=&#8221;1&#8243; single_overlay_anim=&#8221;no&#8221; single_padding=&#8221;2&#8243; single_border=&#8221;yes&#8221; items=&#8221;eyIxNzBfaSI6eyJzaW5nbGVfaWNvbiI6IiJ9LCI5NDhfaSI6eyJzaW5nbGVfaWNvbiI6IiIsInNpbmdsZV9sYXlvdXQiOiJtZWRpYXxjdXN0b21fbGlua3xvcmlnaW5hbCIsInNpbmdsZV9saW5rIjoidXJsOmh0dHA6Ly9zaXVyb25tZXRhbGxpcmFrZW5uZS5maS90dW90ZS90aWtrYWF0L3x8fCJ9fQ==&#8221;][vc_column_text]<\/p>\n<h2 style=\"text-align: center;\"><span style=\"color: #252e3a;\">SIRMET-LADDER<br \/>\n<\/span><\/h2>\n<h4 style=\"text-align: center;\"><span style=\"color: #252e3a;\">3-8 steps<br \/>\n<\/span><\/h4>\n<p>[\/vc_column_text][\/vc_column][vc_column column_width_percent=&#8221;100&#8243; position_vertical=&#8221;middle&#8221; align_horizontal=&#8221;align_center&#8221; overlay_alpha=&#8221;50&#8243; gutter_size=&#8221;3&#8243; medium_width=&#8221;0&#8243; shift_x=&#8221;0&#8243; shift_y=&#8221;0&#8243; z_index=&#8221;0&#8243; width=&#8221;1\/3&#8243;][vc_gallery el_id=&#8221;gallery-923261&#8243; medias=&#8221;944&#8243; gutter_size=&#8221;3&#8243; media_items=&#8221;media|lightbox|original&#8221; screen_lg=&#8221;1000&#8243; screen_md=&#8221;600&#8243; screen_sm=&#8221;480&#8243; single_width=&#8221;6&#8243; single_overlay_opacity=&#8221;50&#8243; single_overlay_anim=&#8221;no&#8221; single_padding=&#8221;2&#8243; single_border=&#8221;yes&#8221; items=&#8221;eyI5NDRfaSI6eyJzaW5nbGVfaWNvbiI6IiIsInNpbmdsZV9saW5rIjoidXJsOmh0dHA6Ly9zaXVyb25tZXRhbGxpcmFrZW5uZS5maS90dW90ZS9sYWl0dXJpcG9ydGFhbi1wZXN1dGFzby98fHwiLCJzaW5nbGVfbGF5b3V0IjoibWVkaWF8Y3VzdG9tX2xpbmt8b3JpZ2luYWwifX0=&#8221;][vc_column_text]<\/p>\n<h2 style=\"text-align: center;\"><span style=\"color: #252e3a;\">SIRMET-LADDER<\/span><\/h2>\n<h4 style=\"text-align: center;\"><span style=\"color: #252e3a;\">Ladder wash base<br \/>\n<\/span><\/h4>\n<p>[\/vc_column_text][\/vc_column][vc_column column_width_percent=&#8221;100&#8243; position_vertical=&#8221;middle&#8221; align_horizontal=&#8221;align_center&#8221; overlay_alpha=&#8221;50&#8243; gutter_size=&#8221;3&#8243; medium_width=&#8221;0&#8243; shift_x=&#8221;0&#8243; shift_y=&#8221;0&#8243; z_index=&#8221;0&#8243; width=&#8221;1\/3&#8243;][vc_gallery el_id=&#8221;gallery-923261&#8243; medias=&#8221;944&#8243; gutter_size=&#8221;3&#8243; media_items=&#8221;media|lightbox|original&#8221; screen_lg=&#8221;1000&#8243; screen_md=&#8221;600&#8243; screen_sm=&#8221;480&#8243; single_width=&#8221;6&#8243; single_overlay_opacity=&#8221;50&#8243; single_overlay_anim=&#8221;no&#8221; single_padding=&#8221;2&#8243; single_border=&#8221;yes&#8221; items=&#8221;eyI5NDVfaSI6eyJzaW5nbGVfaWNvbiI6IiIsInNpbmdsZV9saW5rIjoidXJsOmh0dHA6Ly9zaXVyb25tZXRhbGxpcmFrZW5uZS5maS90dW90ZS9zaXJtZXQtdGlra2FhdC1zYXJhbmFsbGEvfHx8Iiwic2luZ2xlX2xheW91dCI6Im1lZGlhfGN1c3RvbV9saW5rfG9yaWdpbmFsIn0sIjk0NF9pIjp7InNpbmdsZV9pY29uIjoiIiwic2luZ2xlX2xpbmsiOiJ1cmw6aHR0cDovL3NpdXJvbm1ldGFsbGlyYWtlbm5lLmZpL3R1b3RlL3Npcm1ldC10aWtrYWF0LXNhcmFuYWxsYS98fHwiLCJzaW5nbGVfbGF5b3V0IjoibWVkaWF8Y3VzdG9tX2xpbmt8b3JpZ2luYWwifX0=&#8221;][vc_column_text]<\/p>\n<h2 style=\"text-align: center;\"><span style=\"color: #252e3a;\">Ladder hinges<br \/>\n<\/span><\/h2>\n<h4 style=\"text-align: center;\"><span style=\"color: #252e3a;\"><br \/>\n<\/span><\/h4>\n<p>[\/vc_column_text][\/vc_column][\/vc_row][vc_row row_height_percent=&#8221;0&#8243; override_padding=&#8221;yes&#8221; h_padding=&#8221;2&#8243; top_padding=&#8221;2&#8243; bottom_padding=&#8221;0&#8243; back_color=&#8221;color-715612&#8243; overlay_alpha=&#8221;50&#8243; gutter_size=&#8221;3&#8243; shift_y=&#8221;0&#8243; css=&#8221;.vc_custom_1486312012991{padding-top: 50px !important;padding-bottom: 50px !important;}&#8221;][vc_column column_width_percent=&#8221;100&#8243; position_vertical=&#8221;middle&#8221; align_horizontal=&#8221;align_center&#8221; overlay_alpha=&#8221;50&#8243; gutter_size=&#8221;3&#8243; medium_width=&#8221;0&#8243; shift_x=&#8221;0&#8243; shift_y=&#8221;0&#8243; z_index=&#8221;0&#8243; width=&#8221;1\/3&#8243;][vc_gallery el_id=&#8221;gallery-923261&#8243; medias=&#8221;981&#8243; gutter_size=&#8221;3&#8243; media_items=&#8221;media|lightbox|original&#8221; screen_lg=&#8221;1000&#8243; screen_md=&#8221;600&#8243; screen_sm=&#8221;480&#8243; single_width=&#8221;6&#8243; single_overlay_opacity=&#8221;1&#8243; single_overlay_anim=&#8221;no&#8221; single_padding=&#8221;2&#8243; single_border=&#8221;yes&#8221; items=&#8221;eyIxNzBfaSI6eyJzaW5nbGVfaWNvbiI6IiJ9LCI5NDhfaSI6eyJzaW5nbGVfaWNvbiI6IiIsInNpbmdsZV9sYXlvdXQiOiJtZWRpYXxjdXN0b21fbGlua3xvcmlnaW5hbCIsInNpbmdsZV9saW5rIjoidXJsOmh0dHA6Ly9zaXVyb25tZXRhbGxpcmFrZW5uZS5maS90dW90ZS90aWtrYWF0L3x8fCJ9LCI5ODFfaSI6eyJzaW5nbGVfaWNvbiI6IiIsInNpbmdsZV9sYXlvdXQiOiJtZWRpYXxjdXN0b21fbGlua3xvcmlnaW5hbCIsInNpbmdsZV9saW5rIjoidXJsOmh0dHA6Ly9zaXVyb25tZXRhbGxpcmFrZW5uZS5maS90dW90ZS9zaXJtZXQtZmluLWxhdmEvfHx8In19&#8243;][vc_column_text]<\/p>\n<h2 style=\"text-align: center;\"><span style=\"color: #252e3a;\">SIRMET-EUR3-PALLET<br \/>\n<\/span><\/h2>\n<h4 style=\"text-align: center;\"><span style=\"color: #252e3a;\">(Please, ask for an offer!)<br \/>\n<\/span><\/h4>\n<p>[\/vc_column_text][\/vc_column][vc_column column_width_percent=&#8221;100&#8243; position_vertical=&#8221;middle&#8221; align_horizontal=&#8221;align_center&#8221; overlay_alpha=&#8221;50&#8243; gutter_size=&#8221;3&#8243; medium_width=&#8221;0&#8243; shift_x=&#8221;0&#8243; shift_y=&#8221;0&#8243; z_index=&#8221;0&#8243; width=&#8221;1\/3&#8243;][vc_gallery el_id=&#8221;gallery-923261&#8243; medias=&#8221;983&#8243; gutter_size=&#8221;3&#8243; media_items=&#8221;media|lightbox|original&#8221; screen_lg=&#8221;1000&#8243; screen_md=&#8221;600&#8243; screen_sm=&#8221;480&#8243; single_width=&#8221;6&#8243; single_overlay_opacity=&#8221;50&#8243; single_overlay_anim=&#8221;no&#8221; single_padding=&#8221;2&#8243; single_border=&#8221;yes&#8221; items=&#8221;eyI5ODNfaSI6eyJzaW5nbGVfaWNvbiI6IiIsInNpbmdsZV9saW5rIjoidXJsOmh0dHA6Ly9zaXVyb25tZXRhbGxpcmFrZW5uZS5maS90dW90ZS9zaXJtZXQtZXVyb2xhdmEvfHx8Iiwic2luZ2xlX2xheW91dCI6Im1lZGlhfGN1c3RvbV9saW5rfG9yaWdpbmFsIn19&#8243;][vc_column_text]<\/p>\n<h2 style=\"text-align: center;\"><span style=\"color: #252e3a;\">SIRMET-EUR PALLET<br \/>\n<\/span><\/h2>\n<h4 style=\"text-align: center;\"><span style=\"color: #252e3a;\">(Please, ask for an offer!)<br \/>\n<\/span><\/h4>\n<p>[\/vc_column_text][\/vc_column][vc_column column_width_percent=&#8221;100&#8243; position_vertical=&#8221;middle&#8221; align_horizontal=&#8221;align_center&#8221; overlay_alpha=&#8221;50&#8243; gutter_size=&#8221;3&#8243; medium_width=&#8221;0&#8243; shift_x=&#8221;0&#8243; shift_y=&#8221;0&#8243; z_index=&#8221;0&#8243; width=&#8221;1\/3&#8243;][vc_gallery el_id=&#8221;gallery-923261&#8243; medias=&#8221;942&#8243; gutter_size=&#8221;3&#8243; media_items=&#8221;media|lightbox|original&#8221; screen_lg=&#8221;1000&#8243; screen_md=&#8221;600&#8243; screen_sm=&#8221;480&#8243; single_width=&#8221;6&#8243; single_overlay_opacity=&#8221;50&#8243; single_overlay_anim=&#8221;no&#8221; single_padding=&#8221;2&#8243; single_border=&#8221;yes&#8221; items=&#8221;eyI5NDJfaSI6eyJzaW5nbGVfaWNvbiI6IiIsInNpbmdsZV9saW5rIjoidXJsOmh0dHA6Ly9zaXVyb25tZXRhbGxpcmFrZW5uZS5maS90dW90ZS9zaXJtZXQtbGF2YWthdWx1cy98fHwiLCJzaW5nbGVfbGF5b3V0IjoibWVkaWF8Y3VzdG9tX2xpbmt8b3JpZ2luYWwifX0=&#8221;][vc_column_text]<\/p>\n<h2 style=\"text-align: center;\"><span style=\"color: #252e3a;\">SIRMET-COLLAR<br \/>\n<\/span><\/h2>\n<h4 style=\"text-align: center;\"><span style=\"color: #252e3a;\">(Please, ask for an offer!)<br \/>\n<\/span><\/h4>\n<p>[\/vc_column_text][\/vc_column][\/vc_row][vc_row unlock_row_content=&#8221;yes&#8221; row_height_percent=&#8221;0&#8243; override_padding=&#8221;yes&#8221; h_padding=&#8221;4&#8243; top_padding=&#8221;2&#8243; bottom_padding=&#8221;2&#8243; back_color=&#8221;color-984363&#8243; back_image=&#8221;363&#8243; parallax=&#8221;yes&#8221; overlay_color=&#8221;color-984363&#8243; overlay_alpha=&#8221;10&#8243; gutter_size=&#8221;3&#8243; shift_y=&#8221;0&#8243;][vc_column column_width_percent=&#8221;40&#8243; align_horizontal=&#8221;align_center&#8221; back_color=&#8221;color-dfgh&#8221; overlay_alpha=&#8221;50&#8243; gutter_size=&#8221;3&#8243; medium_width=&#8221;0&#8243; shift_x=&#8221;0&#8243; shift_y=&#8221;0&#8243; z_index=&#8221;0&#8243; width=&#8221;1\/1&#8243;][vc_column_text]<\/p>\n<h1 style=\"text-align: center;\"><a href=\"http:\/\/siuronmetallirakenne.fi\/profiilit\/\"><span style=\"color: #ffffff;\"><u>SirMet-PROFIILIT t\u00e4\u00e4lt\u00e4!<\/u><\/span><\/a><\/h1>\n<p>[\/vc_column_text][\/vc_column][\/vc_row][vc_row row_height_percent=&#8221;0&#8243; back_image=&#8221;1337&#8243; overlay_alpha=&#8221;50&#8243; gutter_size=&#8221;3&#8243; shift_y=&#8221;0&#8243; row_height_pixel=&#8221;850 px&#8221;][vc_column width=&#8221;1\/1&#8243;][vc_single_image media=&#8221;1337&#8243; media_width_percent=&#8221;100&#8243;][\/vc_column][\/vc_row][vc_row row_height_percent=&#8221;0&#8243; override_padding=&#8221;yes&#8221; h_padding=&#8221;2&#8243; top_padding=&#8221;0&#8243; bottom_padding=&#8221;3&#8243; back_image=&#8221;363&#8243; overlay_alpha=&#8221;50&#8243; gutter_size=&#8221;3&#8243; shift_y=&#8221;0&#8243; row_height_pixel=&#8221;320&#8243;][vc_column column_width_percent=&#8221;100&#8243; position_vertical=&#8221;middle&#8221; align_horizontal=&#8221;align_center&#8221; overlay_alpha=&#8221;50&#8243; gutter_size=&#8221;3&#8243; medium_width=&#8221;0&#8243; shift_x=&#8221;0&#8243; shift_y=&#8221;0&#8243; z_index=&#8221;0&#8243; width=&#8221;1\/1&#8243;][vc_column_text]<\/p>\n<h4 style=\"text-align: center;\"><img decoding=\"async\" class=\"size-full wp-image-167 aligncenter\" src=\"http:\/\/siuronmetallirakenne.fi\/wp-content\/uploads\/2016\/12\/logo2.png\" alt=\"\" width=\"242\" height=\"79\"><\/h4>\n<p>[\/vc_column_text][\/vc_column][\/vc_row][vc_row unlock_row_content=&#8221;yes&#8221; row_height_percent=&#8221;100&#8243; override_padding=&#8221;yes&#8221; h_padding=&#8221;4&#8243; top_padding=&#8221;0&#8243; bottom_padding=&#8221;0&#8243; back_image=&#8221;1400&#8243; back_repeat=&#8221;no-repeat&#8221; back_position=&#8221;center bottom&#8221; parallax=&#8221;yes&#8221; overlay_color=&#8221;color-prif&#8221; overlay_alpha=&#8221;10&#8243; gutter_size=&#8221;3&#8243; shift_y=&#8221;0&#8243;][vc_column column_width_percent=&#8221;40&#8243; align_horizontal=&#8221;align_center&#8221; back_color=&#8221;color-dfgh&#8221; overlay_alpha=&#8221;50&#8243; gutter_size=&#8221;3&#8243; medium_width=&#8221;0&#8243; shift_x=&#8221;0&#8243; shift_y=&#8221;-4&#8243; z_index=&#8221;0&#8243; width=&#8221;1\/1&#8243;][vc_column_text]<\/p>\n<h1 style=\"text-align: center;\"><a href=\"http:\/\/siuronmetallirakenne.fi\/sirmet-store\/\"><span style=\"color: #ffffff;\"><u>SirMet-STORE here!<\/u><\/span><\/a><\/h1>\n<p>[\/vc_column_text][\/vc_column][\/vc_row][vc_row row_height_percent=&#8221;0&#8243; override_padding=&#8221;yes&#8221; h_padding=&#8221;2&#8243; top_padding=&#8221;3&#8243; bottom_padding=&#8221;2&#8243; back_image=&#8221;363&#8243; parallax=&#8221;yes&#8221; overlay_alpha=&#8221;50&#8243; gutter_size=&#8221;3&#8243; shift_y=&#8221;0&#8243;][vc_column width=&#8221;1\/1&#8243;][vc_column_text]<iframe src=\"https:\/\/player.vimeo.com\/video\/199173888\" width=\"1280\" height=\"630\" frameborder=\"0\" allowfullscreen=\"allowfullscreen\"><\/iframe>[\/vc_column_text][\/vc_column][\/vc_row][vc_row row_height_percent=&#8221;0&#8243; override_padding=&#8221;yes&#8221; h_padding=&#8221;2&#8243; top_padding=&#8221;3&#8243; bottom_padding=&#8221;2&#8243; back_image=&#8221;363&#8243; overlay_alpha=&#8221;50&#8243; gutter_size=&#8221;3&#8243; shift_y=&#8221;0&#8243; row_height_pixel=&#8221;320&#8243;][vc_column column_width_percent=&#8221;100&#8243; align_horizontal=&#8221;align_center&#8221; overlay_alpha=&#8221;50&#8243; gutter_size=&#8221;3&#8243; medium_width=&#8221;0&#8243; shift_x=&#8221;0&#8243; shift_y=&#8221;-5&#8243; z_index=&#8221;0&#8243; width=&#8221;1\/1&#8243;][vc_column_text]<\/p>\n<h1 style=\"text-align: center;\"><\/h1>\n<p>&nbsp;<\/p>\n<h1 style=\"text-align: center;\"><span style=\"color: #ffffff;\"><br \/>\nSIRMET -PICTURE GALLERY<\/span><\/h1>\n<p><img decoding=\"async\" class=\"size-full wp-image-223 aligncenter\" src=\"http:\/\/siuronmetallirakenne.fi\/wp-content\/uploads\/2017\/01\/Sirmet_viiva.png\" alt=\"\" width=\"51\" height=\"63\"><\/p>\n<h3 style=\"text-align: center;\"><span style=\"color: #ffffff;\"><br \/>\nSirMet -products are always unique, just like our customers. With your cooperation we can obtain the best possible solution to suit your needs. <\/span><\/h3>\n<h2 style=\"text-align: center;\"><span style=\"color: #ffffff;\">LET YOUR IDEAS INSPIRE YOU WITH THE DESIGN OF YOUR BOAT<\/span><\/h2>\n<p>[\/vc_column_text][\/vc_column][\/vc_row][vc_row unlock_row_content=&#8221;yes&#8221; row_height_percent=&#8221;100&#8243; override_padding=&#8221;yes&#8221; h_padding=&#8221;4&#8243; top_padding=&#8221;0&#8243; bottom_padding=&#8221;0&#8243; back_image=&#8221;226&#8243; back_repeat=&#8221;no-repeat&#8221; back_position=&#8221;center bottom&#8221; overlay_alpha=&#8221;0&#8243; gutter_size=&#8221;3&#8243; shift_y=&#8221;0&#8243;][vc_column column_width_percent=&#8221;55&#8243; align_horizontal=&#8221;align_center&#8221; overlay_alpha=&#8221;50&#8243; gutter_size=&#8221;4&#8243; medium_width=&#8221;0&#8243; shift_x=&#8221;0&#8243; shift_y=&#8221;0&#8243; z_index=&#8221;0&#8243; width=&#8221;1\/1&#8243;][\/vc_column][\/vc_row][vc_row unlock_row_content=&#8221;yes&#8221; row_height_percent=&#8221;100&#8243; back_image=&#8221;363&#8243; overlay_alpha=&#8221;50&#8243; gutter_size=&#8221;3&#8243; shift_y=&#8221;0&#8243;][vc_column width=&#8221;1\/1&#8243;][vc_gallery el_id=&#8221;gallery-916747&#8243; medias=&#8221;1296,1311,1312,410,411,409,1303,1285,1289,1381,1382,1383,1384,1385,1387,1388,1389&#8243; gutter_size=&#8221;0&#8243; media_items=&#8221;media|lightbox|poster&#8221; screen_lg=&#8221;1000&#8243; screen_md=&#8221;600&#8243; screen_sm=&#8221;480&#8243; single_overlay_opacity=&#8221;50&#8243; single_padding=&#8221;2&#8243; single_border=&#8221;yes&#8221; lbox_no_tmb=&#8221;yes&#8221; items=&#8221;eyIxNDJfaSI6eyJzaW5nbGVfaWNvbiI6IiIsInNpbmdsZV93aWR0aCI6IjgifSwiOTZfaSI6eyJzaW5nbGVfaWNvbiI6IiIsInNpbmdsZV93aWR0aCI6IjEyIiwic2luZ2xlX2hlaWdodCI6IiJ9LCIyNDBfaSI6eyJzaW5nbGVfaWNvbiI6IiIsInNpbmdsZV93aWR0aCI6IjEyIiwic2luZ2xlX2hlaWdodCI6IjUifSwiNDA5X2kiOnsic2luZ2xlX2ljb24iOiIiLCJzaW5nbGVfd2lkdGgiOiI4In0sIjQxNF9pIjp7InNpbmdsZV9pY29uIjoiIiwic2luZ2xlX3dpZHRoIjoiMTIifX0=&#8221;][\/vc_column][\/vc_row]<\/p>\n<\/div>","protected":false},"excerpt":{"rendered":"<p>[vc_row row_height_percent=&#8221;0&#8243; override_padding=&#8221;yes&#8221; h_padding=&#8221;2&#8243; top_padding=&#8221;0&#8243; bottom_padding=&#8221;0&#8243; back_image=&#8221;363&#8243; overlay_alpha=&#8221;50&#8243; gutter_size=&#8221;3&#8243; shift_y=&#8221;0&#8243; row_height_pixel=&#8221;180&#8243;][vc_column column_width_percent=&#8221;100&#8243; position_vertical=&#8221;middle&#8221; align_horizontal=&#8221;align_center&#8221; overlay_alpha=&#8221;50&#8243; gutter_size=&#8221;3&#8243; medium_width=&#8221;0&#8243; shift_x=&#8221;0&#8243; shift_y=&#8221;0&#8243; z_index=&#8221;0&#8243; [&hellip;]<\/p>\n","protected":false},"author":1,"featured_media":0,"parent":0,"menu_order":0,"comment_status":"closed","ping_status":"closed","template":"","meta":{"footnotes":""},"class_list":["post-1951","page","type-page","status-publish","hentry"],"_links":{"self":[{"href":"https:\/\/siuronmetallirakenne.fi\/en\/wp-json\/wp\/v2\/pages\/1951","targetHints":{"allow":["GET"]}}],"collection":[{"href":"https:\/\/siuronmetallirakenne.fi\/en\/wp-json\/wp\/v2\/pages"}],"about":[{"href":"https:\/\/siuronmetallirakenne.fi\/en\/wp-json\/wp\/v2\/types\/page"}],"author":[{"embeddable":true,"href":"https:\/\/siuronmetallirakenne.fi\/en\/wp-json\/wp\/v2\/users\/1"}],"replies":[{"embeddable":true,"href":"https:\/\/siuronmetallirakenne.fi\/en\/wp-json\/wp\/v2\/comments?post=1951"}],"version-history":[{"count":2,"href":"https:\/\/siuronmetallirakenne.fi\/en\/wp-json\/wp\/v2\/pages\/1951\/revisions"}],"predecessor-version":[{"id":1953,"href":"https:\/\/siuronmetallirakenne.fi\/en\/wp-json\/wp\/v2\/pages\/1951\/revisions\/1953"}],"wp:attachment":[{"href":"https:\/\/siuronmetallirakenne.fi\/en\/wp-json\/wp\/v2\/media?parent=1951"}],"curies":[{"name":"wp","href":"https:\/\/api.w.org\/{rel}","templated":true}]}}